{"id":13,"date":"2018-09-19T00:34:47","date_gmt":"2018-09-18T20:34:47","guid":{"rendered":"http:\/\/roadstone.az\/?page_id=13"},"modified":"2018-10-01T15:26:14","modified_gmt":"2018-10-01T11:26:14","slug":"xidmetler","status":"publish","type":"page","link":"https:\/\/roadstone.az\/en\/xidmetler\/","title":{"rendered":"X\u0130DM\u018fTL\u018fR"},"content":{"rendered":"<p>&#8211; T\u0259k\u0259r d\u0259yi\u015fimi<br \/>\n&#8211; Balans<br \/>\n&#8211; T\u0259k\u0259rin yuyulmas\u0131<br \/>\n&#8211; Diskl\u0259rd\u0259 \u0259yrilikl\u0259rin d\u00fcz\u0259ldilm\u0259si<br \/>\n&#8211; Argon qaynaq i\u015fl\u0259ri<\/p>\n<p>&#8211; T\u0259k\u0259r bax\u0131m\u0131<\/p>\n<p>&#8211; Vacib qaydalar<br \/>\n&#8211; T\u0259k\u0259ri yoxlamaq<br \/>\n&#8211; T\u0259k\u0259r nec\u0259 d\u0259yi\u015fdirilm\u0259li?<br \/>\n&#8211; T\u0259k\u0259r m\u0259lumatlar\u0131<br \/>\n&#8211; \u0130SO indicatorlar\u0131<br \/>\n&#8211; Struktur<br \/>\n&#8211; Y\u00fck v\u0259 s\u00fcr\u0259t<br \/>\n&#8211; Kross m\u0259lumatlar<\/p>\n","protected":false},"excerpt":{"rendered":"<p>&#8211; T\u0259k\u0259r d\u0259yi\u015fimi &#8211; Balans &#8211; T\u0259k\u0259rin yuyulmas\u0131 &#8211; Diskl\u0259rd\u0259 \u0259yrilikl\u0259rin d\u00fcz\u0259ldilm\u0259si &#8211; Argon qaynaq i\u015fl\u0259ri &#8211; T\u0259k\u0259r bax\u0131m\u0131 &#8211; Vacib qaydalar &#8211; T\u0259k\u0259ri yoxlamaq &#8211; T\u0259k\u0259r nec\u0259 d\u0259yi\u015fdirilm\u0259li? &#8211; T\u0259k\u0259r m\u0259lumatlar\u0131 &#8211; \u0130SO indicatorlar\u0131 &#8211; Struktur &#8211; Y\u00fck v\u0259 s\u00fcr\u0259t &#8211; Kross m\u0259lumatlar<\/p>\n","protected":false},"author":1,"featured_media":0,"parent":0,"menu_order":0,"comment_status":"closed","ping_status":"closed","template":"","meta":{"footnotes":""},"class_list":["post-13","page","type-page","status-publish","hentry","prodpage-style2"],"yoast_head":"<!-- This site is optimized with the Yoast SEO plugin v27.5 - https:\/\/yoast.com\/product\/yoast-seo-wordpress\/ -->\n<title>X\u0130DM\u018fTL\u018fR - Roadstone.az<\/title>\n<meta name=\"robots\" content=\"index, follow, max-snippet:-1, max-image-preview:large, max-video-preview:-1\" \/>\n<link rel=\"canonical\" href=\"https:\/\/roadstone.az\/en\/xidmetler\/\" \/>\n<meta property=\"og:locale\" content=\"en_US\" \/>\n<meta property=\"og:type\" content=\"article\" \/>\n<meta property=\"og:title\" content=\"X\u0130DM\u018fTL\u018fR - Roadstone.az\" \/>\n<meta property=\"og:description\" content=\"&#8211; T\u0259k\u0259r d\u0259yi\u015fimi &#8211; Balans &#8211; T\u0259k\u0259rin yuyulmas\u0131 &#8211; Diskl\u0259rd\u0259 \u0259yrilikl\u0259rin d\u00fcz\u0259ldilm\u0259si &#8211; Argon qaynaq i\u015fl\u0259ri &#8211; T\u0259k\u0259r bax\u0131m\u0131 &#8211; Vacib qaydalar &#8211; T\u0259k\u0259ri yoxlamaq &#8211; T\u0259k\u0259r nec\u0259 d\u0259yi\u015fdirilm\u0259li? &#8211; T\u0259k\u0259r m\u0259lumatlar\u0131 &#8211; \u0130SO indicatorlar\u0131 &#8211; Struktur &#8211; Y\u00fck v\u0259 s\u00fcr\u0259t &#8211; Kross m\u0259lumatlar\" \/>\n<meta property=\"og:url\" content=\"https:\/\/roadstone.az\/en\/xidmetler\/\" \/>\n<meta property=\"og:site_name\" content=\"Roadstone.az\" \/>\n<meta property=\"article:modified_time\" content=\"2018-10-01T11:26:14+00:00\" \/>\n<meta name=\"twitter:card\" content=\"summary_large_image\" \/>\n<script type=\"application\/ld+json\" class=\"yoast-schema-graph\">{\"@context\":\"https:\\\/\\\/schema.org\",\"@graph\":[{\"@type\":\"WebPage\",\"@id\":\"https:\\\/\\\/roadstone.az\\\/en\\\/xidmetler\\\/\",\"url\":\"https:\\\/\\\/roadstone.az\\\/en\\\/xidmetler\\\/\",\"name\":\"X\u0130DM\u018fTL\u018fR - Roadstone.az\",\"isPartOf\":{\"@id\":\"https:\\\/\\\/roadstone.az\\\/en\\\/#website\"},\"datePublished\":\"2018-09-18T20:34:47+00:00\",\"dateModified\":\"2018-10-01T11:26:14+00:00\",\"breadcrumb\":{\"@id\":\"https:\\\/\\\/roadstone.az\\\/en\\\/xidmetler\\\/#breadcrumb\"},\"inLanguage\":\"en-US\",\"potentialAction\":[{\"@type\":\"ReadAction\",\"target\":[\"https:\\\/\\\/roadstone.az\\\/en\\\/xidmetler\\\/\"]}]},{\"@type\":\"BreadcrumbList\",\"@id\":\"https:\\\/\\\/roadstone.az\\\/en\\\/xidmetler\\\/#breadcrumb\",\"itemListElement\":[{\"@type\":\"ListItem\",\"position\":1,\"name\":\"Home\",\"item\":\"https:\\\/\\\/roadstone.az\\\/en\\\/\"},{\"@type\":\"ListItem\",\"position\":2,\"name\":\"X\u0130DM\u018fTL\u018fR\"}]},{\"@type\":\"WebSite\",\"@id\":\"https:\\\/\\\/roadstone.az\\\/en\\\/#website\",\"url\":\"https:\\\/\\\/roadstone.az\\\/en\\\/\",\"name\":\"Roadstone.az\",\"description\":\"T\u0259k\u0259r M\u0259rk\u0259zi\",\"potentialAction\":[{\"@type\":\"SearchAction\",\"target\":{\"@type\":\"EntryPoint\",\"urlTemplate\":\"https:\\\/\\\/roadstone.az\\\/en\\\/?s={search_term_string}\"},\"query-input\":{\"@type\":\"PropertyValueSpecification\",\"valueRequired\":true,\"valueName\":\"search_term_string\"}}],\"inLanguage\":\"en-US\"}]}<\/script>\n<!-- \/ Yoast SEO plugin. -->","yoast_head_json":{"title":"X\u0130DM\u018fTL\u018fR - Roadstone.az","robots":{"index":"index","follow":"follow","max-snippet":"max-snippet:-1","max-image-preview":"max-image-preview:large","max-video-preview":"max-video-preview:-1"},"canonical":"https:\/\/roadstone.az\/en\/xidmetler\/","og_locale":"en_US","og_type":"article","og_title":"X\u0130DM\u018fTL\u018fR - Roadstone.az","og_description":"&#8211; T\u0259k\u0259r d\u0259yi\u015fimi &#8211; Balans &#8211; T\u0259k\u0259rin yuyulmas\u0131 &#8211; Diskl\u0259rd\u0259 \u0259yrilikl\u0259rin d\u00fcz\u0259ldilm\u0259si &#8211; Argon qaynaq i\u015fl\u0259ri &#8211; T\u0259k\u0259r bax\u0131m\u0131 &#8211; Vacib qaydalar &#8211; T\u0259k\u0259ri yoxlamaq &#8211; T\u0259k\u0259r nec\u0259 d\u0259yi\u015fdirilm\u0259li? &#8211; T\u0259k\u0259r m\u0259lumatlar\u0131 &#8211; \u0130SO indicatorlar\u0131 &#8211; Struktur &#8211; Y\u00fck v\u0259 s\u00fcr\u0259t &#8211; Kross m\u0259lumatlar","og_url":"https:\/\/roadstone.az\/en\/xidmetler\/","og_site_name":"Roadstone.az","article_modified_time":"2018-10-01T11:26:14+00:00","twitter_card":"summary_large_image","schema":{"@context":"https:\/\/schema.org","@graph":[{"@type":"WebPage","@id":"https:\/\/roadstone.az\/en\/xidmetler\/","url":"https:\/\/roadstone.az\/en\/xidmetler\/","name":"X\u0130DM\u018fTL\u018fR - Roadstone.az","isPartOf":{"@id":"https:\/\/roadstone.az\/en\/#website"},"datePublished":"2018-09-18T20:34:47+00:00","dateModified":"2018-10-01T11:26:14+00:00","breadcrumb":{"@id":"https:\/\/roadstone.az\/en\/xidmetler\/#breadcrumb"},"inLanguage":"en-US","potentialAction":[{"@type":"ReadAction","target":["https:\/\/roadstone.az\/en\/xidmetler\/"]}]},{"@type":"BreadcrumbList","@id":"https:\/\/roadstone.az\/en\/xidmetler\/#breadcrumb","itemListElement":[{"@type":"ListItem","position":1,"name":"Home","item":"https:\/\/roadstone.az\/en\/"},{"@type":"ListItem","position":2,"name":"X\u0130DM\u018fTL\u018fR"}]},{"@type":"WebSite","@id":"https:\/\/roadstone.az\/en\/#website","url":"https:\/\/roadstone.az\/en\/","name":"Roadstone.az","description":"T\u0259k\u0259r M\u0259rk\u0259zi","potentialAction":[{"@type":"SearchAction","target":{"@type":"EntryPoint","urlTemplate":"https:\/\/roadstone.az\/en\/?s={search_term_string}"},"query-input":{"@type":"PropertyValueSpecification","valueRequired":true,"valueName":"search_term_string"}}],"inLanguage":"en-US"}]}},"_links":{"self":[{"href":"https:\/\/roadstone.az\/en\/wp-json\/wp\/v2\/pages\/13","targetHints":{"allow":["GET"]}}],"collection":[{"href":"https:\/\/roadstone.az\/en\/wp-json\/wp\/v2\/pages"}],"about":[{"href":"https:\/\/roadstone.az\/en\/wp-json\/wp\/v2\/types\/page"}],"author":[{"embeddable":true,"href":"https:\/\/roadstone.az\/en\/wp-json\/wp\/v2\/users\/1"}],"replies":[{"embeddable":true,"href":"https:\/\/roadstone.az\/en\/wp-json\/wp\/v2\/comments?post=13"}],"version-history":[{"count":0,"href":"https:\/\/roadstone.az\/en\/wp-json\/wp\/v2\/pages\/13\/revisions"}],"wp:attachment":[{"href":"https:\/\/roadstone.az\/en\/wp-json\/wp\/v2\/media?parent=13"}],"curies":[{"name":"wp","href":"https:\/\/api.w.org\/{rel}","templated":true}]}}